{"id":1856,"date":"2014-09-01T10:13:38","date_gmt":"2014-09-01T08:13:38","guid":{"rendered":"http:\/\/nieruchomosciplus.com\/wordpress\/?page_id=1856"},"modified":"2022-10-05T08:43:22","modified_gmt":"2022-10-05T06:43:22","slug":"kredyty","status":"publish","type":"page","link":"https:\/\/nieruchomosciplus.com\/wordpress\/kredyty\/","title":{"rendered":"Kredyty"},"content":{"rendered":"<h2>Aby nasze dzia\u0142ania mog\u0142y sta\u0107 si\u0119 kompletnymi, pomagamy Pa\u0144stwu w uzyskaniu kredytu hipotecznego na zakup nieruchomo\u015bci wszelkiego rodzaju.<\/h2>\n<ul>\n<li>Udzielamy pe\u0142nych informacji o kredytach hipotecznych oferowanych przez banki, co umo\u017cliwia Pa\u0144stwu wyb\u00f3r najkorzystniejszej dla siebie oferty bankowej,<\/li>\n<li>Przeprowadzamy wst\u0119pn\u0105 symulacj\u0119 okre\u015blaj\u0105c\u0105 zdolno\u015b\u0107 kredytow\u0105,<\/li>\n<li>Kompletujemy niezb\u0119dne dokumenty umo\u017cliwiaj\u0105ce rozpatrzenie wniosku kredytowego przez wybrany przez Pa\u0144stwa bank<\/li>\n<li>Przygotowujemy wniosek kredytowy do z\u0142o\u017cenia w banku,<\/li>\n<li>Wykonujemy analiz\u0119 koszt\u00f3w zwi\u0105zanych z udzieleniem kredytu<\/li>\n<li>Powy\u017csze dzia\u0142ania mo\u017cliwe s\u0105 dzi\u0119ki wsp\u00f3\u0142pracy z renomowanymi bankami w zakresie udzielania kredyt\u00f3w hipotecznych .<\/li>\n<li>Dla Klient\u00f3w dokonuj\u0105cych transakcji w naszej firmie obs\u0142uga w zakresie udzielania kredyt\u00f3w hipotecznych jest bezp\u0142atna<\/li>\n<\/ul>\n<p><img loading=\"lazy\" decoding=\"async\" class=\"mouseover alignnone\" src=\"http:\/\/nieruchomosciplus.com\/wordpress\/wp-content\/uploads\/2014\/09\/aliorbank_szary.png\" alt=\"\" width=\"180\" height=\"56\" data-oversrc=\"http:\/\/nieruchomosciplus.com\/wordpress\/wp-content\/uploads\/2014\/09\/aliorbank.png\" \/><img decoding=\"async\" class=\"mouseover\" src=\"http:\/\/nieruchomosciplus.com\/wordpress\/wp-content\/uploads\/2014\/09\/bank_pocztowy_szary.png\" alt=\"\" data-oversrc=\"http:\/\/nieruchomosciplus.com\/wordpress\/wp-content\/uploads\/2014\/09\/bank_pocztowy.png\" \/><img decoding=\"async\" class=\"mouseover\" src=\"http:\/\/nieruchomosciplus.com\/wordpress\/wp-content\/uploads\/2014\/09\/citybank_szary.png\" alt=\"citybank_szary\" data-oversrc=\"http:\/\/nieruchomosciplus.com\/wordpress\/wp-content\/uploads\/2014\/09\/citybank.png\" \/><img decoding=\"async\" class=\"mouseover\" src=\"http:\/\/nieruchomosciplus.com\/wordpress\/wp-content\/uploads\/2014\/09\/credit_agricole_szary.png\" alt=\"\" data-oversrc=\"http:\/\/nieruchomosciplus.com\/wordpress\/wp-content\/uploads\/2014\/09\/credit_agricole.png\" \/><\/p>\n<p><img decoding=\"async\" class=\"mouseover\" src=\"http:\/\/nieruchomosciplus.com\/wordpress\/wp-content\/uploads\/2014\/09\/PKObankpolski_szary.png\" alt=\"\" data-oversrc=\"http:\/\/nieruchomosciplus.com\/wordpress\/wp-content\/uploads\/2014\/09\/PKObankpolski.png\" \/> \u00a0<img decoding=\"async\" class=\"mouseover\" src=\"http:\/\/nieruchomosciplus.com\/wordpress\/wp-content\/uploads\/2014\/09\/nowe_logo_Pekao_szary.png\" alt=\"\" data-oversrc=\"http:\/\/nieruchomosciplus.com\/wordpress\/wp-content\/uploads\/2014\/09\/nowe_logo_Pekao.png\" \/><img loading=\"lazy\" decoding=\"async\" class=\"mouseover alignnone\" src=\"http:\/\/nieruchomosciplus.com\/wordpress\/wp-content\/uploads\/2014\/09\/millenium_szary.png\" alt=\"\" width=\"180\" height=\"56\" data-oversrc=\"http:\/\/nieruchomosciplus.com\/wordpress\/wp-content\/uploads\/2014\/09\/millenium.png\" \/><img loading=\"lazy\" decoding=\"async\" class=\"mouseover alignnone\" style=\"font-size: revert; color: initial; font-family: -apple-system, BlinkMacSystemFont, 'Segoe UI', Roboto, Oxygen-Sans, Ubuntu, Cantarell, 'Helvetica Neue', sans-serif;\" src=\"http:\/\/nieruchomosciplus.com\/wordpress\/wp-content\/uploads\/2014\/09\/multibank_szary.png\" alt=\"\" width=\"180\" height=\"56\" data-oversrc=\"http:\/\/nieruchomosciplus.com\/wordpress\/wp-content\/uploads\/2014\/09\/multibank.png\" \/><\/p>\n<p><img loading=\"lazy\" decoding=\"async\" class=\"mouseover alignnone\" style=\"font-size: revert; color: initial; font-family: -apple-system, BlinkMacSystemFont, 'Segoe UI', Roboto, Oxygen-Sans, Ubuntu, Cantarell, 'Helvetica Neue', sans-serif;\" src=\"http:\/\/nieruchomosciplus.com\/wordpress\/wp-content\/uploads\/2014\/09\/mBank_szary.png\" alt=\"\" width=\"180\" height=\"56\" data-oversrc=\"http:\/\/nieruchomosciplus.com\/wordpress\/wp-content\/uploads\/2014\/09\/mBank.png\" \/><img loading=\"lazy\" decoding=\"async\" class=\"mouseover alignnone\" style=\"font-size: revert; color: initial; font-family: -apple-system, BlinkMacSystemFont, 'Segoe UI', Roboto, Oxygen-Sans, Ubuntu, Cantarell, 'Helvetica Neue', sans-serif;\" src=\"http:\/\/nieruchomosciplus.com\/wordpress\/wp-content\/uploads\/2014\/09\/multibank_szary.png\" alt=\"\" width=\"180\" height=\"56\" data-oversrc=\"http:\/\/nieruchomosciplus.com\/wordpress\/wp-content\/uploads\/2014\/09\/multibank.png\" \/><img decoding=\"async\" class=\"mouseover\" style=\"font-size: revert; color: initial; font-family: -apple-system, BlinkMacSystemFont, 'Segoe UI', Roboto, Oxygen-Sans, Ubuntu, Cantarell, 'Helvetica Neue', sans-serif;\" src=\"http:\/\/nieruchomosciplus.com\/wordpress\/wp-content\/uploads\/2014\/09\/INGBank_szary.png\" alt=\"\" data-oversrc=\"http:\/\/nieruchomosciplus.com\/wordpress\/wp-content\/uploads\/2014\/09\/INGBank.png\" \/><\/p>\n\n\n<div style=\"height:100px\" aria-hidden=\"true\" class=\"wp-block-spacer\"><\/div>\n","protected":false},"excerpt":{"rendered":"<p>Aby nasze dzia\u0142ania mog\u0142y sta\u0107 si\u0119 kompletnymi, pomagamy Pa\u0144stwu w uzyskaniu kredytu hipotecznego na zakup nieruchomo\u015bci wszelkiego rodzaju. Udzielamy pe\u0142nych informacji o kredytach hipotecznych oferowanych przez banki, co umo\u017cliwia Pa\u0144stwu wyb\u00f3r najkorzystniejszej dla siebie oferty bankowej, Przeprowadzamy wst\u0119pn\u0105 symulacj\u0119 okre\u015blaj\u0105c\u0105 zdolno\u015b\u0107 kredytow\u0105, Kompletujemy niezb\u0119dne dokumenty umo\u017cliwiaj\u0105ce rozpatrzenie wniosku kredytowego przez wybrany przez Pa\u0144stwa bank Przygotowujemy [&hellip;]<\/p>\n","protected":false},"author":1,"featured_media":0,"parent":0,"menu_order":0,"comment_status":"closed","ping_status":"closed","template":"template-fullwidth.php","meta":{"footnotes":""},"class_list":["post-1856","page","type-page","status-publish","hentry"],"aioseo_notices":[],"_links":{"self":[{"href":"https:\/\/nieruchomosciplus.com\/wordpress\/wp-json\/wp\/v2\/pages\/1856","targetHints":{"allow":["GET"]}}],"collection":[{"href":"https:\/\/nieruchomosciplus.com\/wordpress\/wp-json\/wp\/v2\/pages"}],"about":[{"href":"https:\/\/nieruchomosciplus.com\/wordpress\/wp-json\/wp\/v2\/types\/page"}],"author":[{"embeddable":true,"href":"https:\/\/nieruchomosciplus.com\/wordpress\/wp-json\/wp\/v2\/users\/1"}],"replies":[{"embeddable":true,"href":"https:\/\/nieruchomosciplus.com\/wordpress\/wp-json\/wp\/v2\/comments?post=1856"}],"version-history":[{"count":48,"href":"https:\/\/nieruchomosciplus.com\/wordpress\/wp-json\/wp\/v2\/pages\/1856\/revisions"}],"predecessor-version":[{"id":20128,"href":"https:\/\/nieruchomosciplus.com\/wordpress\/wp-json\/wp\/v2\/pages\/1856\/revisions\/20128"}],"wp:attachment":[{"href":"https:\/\/nieruchomosciplus.com\/wordpress\/wp-json\/wp\/v2\/media?parent=1856"}],"curies":[{"name":"wp","href":"https:\/\/api.w.org\/{rel}","templated":true}]}}